{"id":78,"date":"2015-01-20T08:08:25","date_gmt":"2015-01-20T07:08:25","guid":{"rendered":"http:\/\/www.arif-hamburg.net\/?page_id=78"},"modified":"2018-05-31T09:40:28","modified_gmt":"2018-05-31T07:40:28","slug":"carma","status":"publish","type":"page","link":"https:\/\/www.arif-hamburg.net\/?page_id=78","title":{"rendered":"CARMA"},"content":{"rendered":"<h2>CARMA (Car Management on Aprons)<\/h2>\n<p>Das Projekt CARMA war im Jahr 2006 das Initialprojekt f\u00fcr die Nutzung der ARIF. Ziel des Projektes war die grundlegende Konzeption und erste prototypische Umsetzung eines Fahrzeugmanagementsystems f\u00fcr Vorfeldfahrzeuge. Ausgehend von den Forschungsaktivit\u00e4ten im Bereich A-SMGCS sollte eine Portierung der Konzepte in den Bereich der Koordinierung der Vorfeldaktivit\u00e4ten erfolgen.<\/p>\n<p>In 2006 waren die ersten Stufen des A-SMGCS Konzeptes in technologischer und operationeller Hinsicht ausgereift. Sie zeigten die flughafensignifikanten operationellen Verbesserungen in Bezug auf deren Effizienz unter allen Wetterbedingungen. Die Idee der CARMA- Architektur ist der Gebrauch von \u00e4hnlichen funktionalen Elementen in unterschiedlichen technischen Umgebungen.<\/p>\n<p>Um eine kosteneffektive L\u00f6sung f\u00fcr eine gro\u00dfe Anzahl von Fahrzeugen zu entwickeln, lag das Hauptaugenmerk auf der Betrachtung von COTS-products (commercial off the shelf), wie z.B. PDAs und der Nutzung der Infrastruktur des Hamburger Flughafens.<\/p>\n<p>Die ARIF fungierte im Rahmen des Projektes als Entwicklungs- und Testumgebung f\u00fcr einen ersten Prototyp. Mit der Anbindung an die operationellen Systeme konnten die Daten f\u00fcr die Entwicklung des Boden- und des Fahrzeugsystem genutzt werden. Die Position der Fahrzeuge wurde mit dem in CARMA entwickelten System bestimmt und mit den Positionsdaten aus dem operationellen A-SMGCS kombiniert. Unter Nutzung der Daten aus der Flughafendatenbank konnten darauf aufbauend auch die Managementfunktionalit\u00e4ten integriert werden.<\/p>\n\n<table id=\"tablepress-1\" class=\"tablepress tablepress-id-1\">\n<tbody>\n<tr class=\"row-1\">\n\t<td rowspan=\"2\" class=\"column-1\"><a href=\"http:\/\/www.arif-hamburg.net\/wp-content\/uploads\/2015\/05\/DSC_0463_red.jpg\"><img src=\"http:\/\/www.arif-hamburg.net\/wp-content\/uploads\/2015\/05\/DSC_0463_red-1024x681.jpg\" alt=\"DSC_0463_red\" width=\"100%\" height=\"100%\" class=\"alignleft size-large wp-image-282\" \/><\/a><\/td><td class=\"column-2\"><a href=\"http:\/\/www.arif-hamburg.net\/wp-content\/uploads\/2015\/05\/DSC_0452_red.jpg\"><img src=\"http:\/\/www.arif-hamburg.net\/wp-content\/uploads\/2015\/05\/DSC_0452_red-1024x681.jpg\" alt=\"DSC_0452_red\" width=\"100%\" height=\"100%\" class=\"alignleft size-large wp-image-281\" \/><\/a><\/td>\n<\/tr>\n<tr class=\"row-2\">\n\t<td class=\"column-2\"><a href=\"http:\/\/www.arif-hamburg.net\/wp-content\/uploads\/2015\/05\/onboard1.jpg\"><img src=\"http:\/\/www.arif-hamburg.net\/wp-content\/uploads\/2015\/05\/onboard1-1024x768.jpg\" alt=\"onboard1\" width=\"100%\" height=\"100%\" class=\"alignleft size-large wp-image-283\" \/><\/a><\/td>\n<\/tr>\n<\/tbody>\n<\/table>\n<!-- #tablepress-1 from cache -->\n<p>&nbsp;<\/p>\n","protected":false},"excerpt":{"rendered":"<p>CARMA (Car Management on Aprons) Das Projekt CARMA war im Jahr 2006 das Initialprojekt f\u00fcr die Nutzung der ARIF. Ziel des Projektes war die grundlegende Konzeption und erste prototypische Umsetzung eines Fahrzeugmanagementsystems f\u00fcr Vorfeldfahrzeuge. Ausgehend von den Forschungsaktivit\u00e4ten im Bereich &hellip; <a href=\"https:\/\/www.arif-hamburg.net\/?page_id=78\">Weiter<\/a><\/p>\n","protected":false},"author":1,"featured_media":0,"parent":66,"menu_order":1,"comment_status":"closed","ping_status":"closed","template":"page-fullwidth.php","meta":[],"_links":{"self":[{"href":"https:\/\/www.arif-hamburg.net\/index.php?rest_route=\/wp\/v2\/pages\/78"}],"collection":[{"href":"https:\/\/www.arif-hamburg.net\/index.php?rest_route=\/wp\/v2\/pages"}],"about":[{"href":"https:\/\/www.arif-hamburg.net\/index.php?rest_route=\/wp\/v2\/types\/page"}],"author":[{"embeddable":true,"href":"https:\/\/www.arif-hamburg.net\/index.php?rest_route=\/wp\/v2\/users\/1"}],"replies":[{"embeddable":true,"href":"https:\/\/www.arif-hamburg.net\/index.php?rest_route=%2Fwp%2Fv2%2Fcomments&post=78"}],"version-history":[{"count":9,"href":"https:\/\/www.arif-hamburg.net\/index.php?rest_route=\/wp\/v2\/pages\/78\/revisions"}],"predecessor-version":[{"id":291,"href":"https:\/\/www.arif-hamburg.net\/index.php?rest_route=\/wp\/v2\/pages\/78\/revisions\/291"}],"up":[{"embeddable":true,"href":"https:\/\/www.arif-hamburg.net\/index.php?rest_route=\/wp\/v2\/pages\/66"}],"wp:attachment":[{"href":"https:\/\/www.arif-hamburg.net\/index.php?rest_route=%2Fwp%2Fv2%2Fmedia&parent=78"}],"curies":[{"name":"wp","href":"https:\/\/api.w.org\/{rel}","templated":true}]}}