{"id":472,"date":"2018-05-31T09:54:36","date_gmt":"2018-05-31T07:54:36","guid":{"rendered":"http:\/\/www.arif-hamburg.net\/?page_id=472"},"modified":"2018-11-29T14:25:37","modified_gmt":"2018-11-29T13:25:37","slug":"iao","status":"publish","type":"page","link":"https:\/\/www.arif-hamburg.net\/?page_id=472","title":{"rendered":"SESAR2020 &#8211; IAO"},"content":{"rendered":"<h2>SESAR2020 &#8211; Integrated Airport Operations<\/h2>\n<p><img loading=\"lazy\" class=\"size-medium wp-image-565 alignright\" src=\"http:\/\/www.arif-hamburg.net\/wp-content\/uploads\/2018\/06\/iao-300x140.png\" alt=\"\" width=\"300\" height=\"140\" srcset=\"https:\/\/www.arif-hamburg.net\/wp-content\/uploads\/2018\/06\/iao-300x140.png 300w, https:\/\/www.arif-hamburg.net\/wp-content\/uploads\/2018\/06\/iao.png 526w\" sizes=\"(max-width: 300px) 100vw, 300px\" \/>Das Projekt Integrated Airport Operations (IAO) ist Teil der SESAR2020 Very Large Scale Demonstrationen und geh\u00f6rt zum Bereich \u201eIndustrial Research &amp; Validation\u201c Forschungsprogramm, dass unter dem <a href=\"http:\/\/www.sesarju.eu\/discover-sesar\/partnering-smarter-aviation\" target=\"_blank\" rel=\"noopener\">SJU Private Public Partnership SESAR 2020<\/a>\u00a0 entwickelt wurde. Ziel des Projektes IAO ist die Demonstration bereits in SESAR1 entwickelter L\u00f6sungen im Flughafenbereich, die bereits einen entsprechenden Reifegrad erreicht haben.<\/p>\n<p>Im Detail konzentriert sich IAO dabei auf drei Air Traffic Management (ATM) Sub-funktionalit\u00e4ten, die alle Teil des Pilot Common Projects der EU und unter der <a href=\"https:\/\/www.atmmasterplan.eu\/data\/atm_functionalities\/23\" target=\"_blank\" rel=\"noopener\">ATM Functionality #2<\/a> \u2013 Airport Integration and Throughput (AF#2) angesiedelt sind. Diese sind:<\/p>\n<ul>\n<li>Departure Management Synchronised with Pre-departure sequencing,<\/li>\n<li>Airport Safety Nets, and<\/li>\n<li>Automated Assistance to Controller for Surface Movement Planning and Routing.<\/li>\n<\/ul>\n<p>Das IAO Demonstrationsprojekt besteht aus vier Einzeldemonstrationen, die in m\u00f6glichst realistischem, operationellen Umfeld stattfinden. Neben einer On-Board Demonstration (<a href=\"https:\/\/www.iao-project.eu\/wp\/?page_id=197\">Onboard Traffic Alerts<\/a>), finden die anderen drei an den Flugh\u00e4fen Nizza, Budapest und Hamburg statt, wobei die drei Flugh\u00e4fen jeweils unterschiedliche Charakteristiken aufweisen:<\/p>\n<ul>\n<li><a href=\"https:\/\/www.hamburg-airport.de\/en\/index.php\" target=\"_blank\" rel=\"noopener\">Hamburg Airport<\/a>: crossing runway system, multiple dependent runways and a non-complex surface layout,<\/li>\n<li><a href=\"http:\/\/en.nice.aeroport.fr\/\" target=\"_blank\" rel=\"noopener\">Nice Airport<\/a>: dependent parallel runway system, where traffic congestion takes place daily during the peak season, and a complex surface layout,<\/li>\n<li><a href=\"http:\/\/www.bud.hu\/english\" target=\"_blank\" rel=\"noopener\">Budapest Airport<\/a>: dependent parallel runway system and a complex surface layout.<\/li>\n<\/ul>\n<div id=\"kad-wp-gallery98\" class=\"kad-wp-gallery kad-light-wp-gallery clearfix kt-gallery-column-3 rowtight\"><div class=\"tcol-lg-4 tcol-md-4 tcol-sm-4 tcol-xs-6 tcol-ss-12 g_item\"><div class=\"grid_item kad_gallery_fade_in gallery_item\"><a href=\"https:\/\/www.arif-hamburg.net\/wp-content\/uploads\/2018\/11\/Germanwings_Tower_MPenner_162-1-1024x719.jpg\" data-rel=\"lightbox\" class=\"lightboxhover\"><img src=\"https:\/\/www.arif-hamburg.net\/wp-content\/uploads\/2018\/11\/Germanwings_Tower_MPenner_162-1-1024x719-400x400.jpg\" width=\"400\" height=\"400\" alt=\" Demonstration Hamburg EDDH (Photo: Hamburg Airport)\" srcset=\"https:\/\/www.arif-hamburg.net\/wp-content\/uploads\/2018\/11\/Germanwings_Tower_MPenner_162-1-1024x719-400x400.jpg 400w, https:\/\/www.arif-hamburg.net\/wp-content\/uploads\/2018\/11\/Germanwings_Tower_MPenner_162-1-1024x719-150x150.jpg 150w, https:\/\/www.arif-hamburg.net\/wp-content\/uploads\/2018\/11\/Germanwings_Tower_MPenner_162-1-1024x719-600x600.jpg 600w\" sizes=\"(max-width: 400px) 100vw, 400px\" class=\"light-dropshaddow\"\/><\/a><\/div><\/div><div class=\"tcol-lg-4 tcol-md-4 tcol-sm-4 tcol-xs-6 tcol-ss-12 g_item\"><div class=\"grid_item kad_gallery_fade_in gallery_item\"><a href=\"https:\/\/www.arif-hamburg.net\/wp-content\/uploads\/2018\/11\/NICE-0057_red-1024x681.jpg\" data-rel=\"lightbox\" class=\"lightboxhover\"><img src=\"https:\/\/www.arif-hamburg.net\/wp-content\/uploads\/2018\/11\/NICE-0057_red-1024x681-400x400.jpg\" width=\"400\" height=\"400\" alt=\" Demonstration Nice LFMN (Photo: DSNA)\" srcset=\"https:\/\/www.arif-hamburg.net\/wp-content\/uploads\/2018\/11\/NICE-0057_red-1024x681-400x400.jpg 400w, https:\/\/www.arif-hamburg.net\/wp-content\/uploads\/2018\/11\/NICE-0057_red-1024x681-150x150.jpg 150w, https:\/\/www.arif-hamburg.net\/wp-content\/uploads\/2018\/11\/NICE-0057_red-1024x681-600x600.jpg 600w\" sizes=\"(max-width: 400px) 100vw, 400px\" class=\"light-dropshaddow\"\/><\/a><\/div><\/div><div class=\"tcol-lg-4 tcol-md-4 tcol-sm-4 tcol-xs-6 tcol-ss-12 g_item\"><div class=\"grid_item kad_gallery_fade_in gallery_item\"><a href=\"https:\/\/www.arif-hamburg.net\/wp-content\/uploads\/2018\/11\/LHBP_IMG_4799_red3-1024x683.jpg\" data-rel=\"lightbox\" class=\"lightboxhover\"><img src=\"https:\/\/www.arif-hamburg.net\/wp-content\/uploads\/2018\/11\/LHBP_IMG_4799_red3-1024x683-400x400.jpg\" width=\"400\" height=\"400\" alt=\" Demonstration Budapest LHBP (Photo: Budapest Airport)\" srcset=\"https:\/\/www.arif-hamburg.net\/wp-content\/uploads\/2018\/11\/LHBP_IMG_4799_red3-1024x683-400x400.jpg 400w, https:\/\/www.arif-hamburg.net\/wp-content\/uploads\/2018\/11\/LHBP_IMG_4799_red3-1024x683-150x150.jpg 150w, https:\/\/www.arif-hamburg.net\/wp-content\/uploads\/2018\/11\/LHBP_IMG_4799_red3-1024x683-600x600.jpg 600w\" sizes=\"(max-width: 400px) 100vw, 400px\" class=\"light-dropshaddow\"\/><\/a><\/div><\/div><\/div>\n<p>Die Hamburg Demo wird unter Nutzung der ARIF stattfinden. Hierbei werden die verf\u00fcgbaren R\u00e4umlichkeiten (vor allem der Contingency Raum) zum Aufbau der Testsysteme genutzt. Zus\u00e4tzlich werden die Systeme dann mit den operationellen Daten aus A-SMGCS und Flughafensystemen gespeist und k\u00f6nnen somit im Shadow Mode betrieben werden. Der norwegische Partner SINTEF stellt die in SESAR1 entwickelten Bibliotheken f\u00fcr die ATM L\u00f6sungen bereit. Lotsen werden mit optimierten konfliktfreien Routenvorschl\u00e4gen f\u00fcr den Rollverkehr unterst\u00fctzt, wobei das System auch Abflugreihenfolgen ber\u00fccksichtigt und Sicherheitsnetzte bietet, die bei Abweichungen Warnungen generieren.<\/p>\n<p>Zusammen mit der vom DLR bereitgestellten Bedienoberfl\u00e4che soll gezeigt werden, wie die Generierung der Taxirouten in Echtzeit mit Realdaten funktioniert und den Lotsen bei seiner Arbeit unterst\u00fctzt. Mit Hilfe von sogenannten Estimates (angenommenen Zeiten) werden vorausschauend Roll- und Abflugzeiten optimiert, was zu einer effizienteren Rollf\u00fchrung f\u00fchren soll.<\/p>\n","protected":false},"excerpt":{"rendered":"<p>SESAR2020 &#8211; Integrated Airport Operations Das Projekt Integrated Airport Operations (IAO) ist Teil der SESAR2020 Very Large Scale Demonstrationen und geh\u00f6rt zum Bereich \u201eIndustrial Research &amp; Validation\u201c Forschungsprogramm, dass unter dem SJU Private Public Partnership SESAR 2020\u00a0 entwickelt wurde. Ziel &hellip; <a href=\"https:\/\/www.arif-hamburg.net\/?page_id=472\">Weiter<\/a><\/p>\n","protected":false},"author":1,"featured_media":0,"parent":66,"menu_order":0,"comment_status":"closed","ping_status":"closed","template":"page-fullwidth.php","meta":[],"_links":{"self":[{"href":"https:\/\/www.arif-hamburg.net\/index.php?rest_route=\/wp\/v2\/pages\/472"}],"collection":[{"href":"https:\/\/www.arif-hamburg.net\/index.php?rest_route=\/wp\/v2\/pages"}],"about":[{"href":"https:\/\/www.arif-hamburg.net\/index.php?rest_route=\/wp\/v2\/types\/page"}],"author":[{"embeddable":true,"href":"https:\/\/www.arif-hamburg.net\/index.php?rest_route=\/wp\/v2\/users\/1"}],"replies":[{"embeddable":true,"href":"https:\/\/www.arif-hamburg.net\/index.php?rest_route=%2Fwp%2Fv2%2Fcomments&post=472"}],"version-history":[{"count":7,"href":"https:\/\/www.arif-hamburg.net\/index.php?rest_route=\/wp\/v2\/pages\/472\/revisions"}],"predecessor-version":[{"id":646,"href":"https:\/\/www.arif-hamburg.net\/index.php?rest_route=\/wp\/v2\/pages\/472\/revisions\/646"}],"up":[{"embeddable":true,"href":"https:\/\/www.arif-hamburg.net\/index.php?rest_route=\/wp\/v2\/pages\/66"}],"wp:attachment":[{"href":"https:\/\/www.arif-hamburg.net\/index.php?rest_route=%2Fwp%2Fv2%2Fmedia&parent=472"}],"curies":[{"name":"wp","href":"https:\/\/api.w.org\/{rel}","templated":true}]}}