{"id":437,"date":"2018-05-31T09:19:44","date_gmt":"2018-05-31T07:19:44","guid":{"rendered":"http:\/\/www.arif-hamburg.net\/?page_id=437"},"modified":"2018-06-25T09:07:22","modified_gmt":"2018-06-25T07:07:22","slug":"kontakt","status":"publish","type":"page","link":"https:\/\/www.arif-hamburg.net\/?page_id=437","title":{"rendered":"Kontakt"},"content":{"rendered":"<p><strong>Steffen Loth<\/strong><\/p>\n<p>Deutsches Zentrum f\u00fcr Luft- und Raumfahrt e.V. (DLR)<br \/>\nInstitut f\u00fcr Flugf\u00fchrung | Luftverkehrssysteme<br \/>\nLilienthalplatz 7<br \/>\n38108 Braunschweig<\/p>\n<p>steffen.loth [at] dlr.de<br \/>\nPhone: <span class=\"baec5a81-e4d6-4674-97f3-e9220f0136c1\">+49 531 295-2811<a title=\"Anrufen: +49 531 295-3060\" href=\"https:\/\/www.iao-project.eu\/wp\/wp-admin\/post.php?post=10&amp;action=edit#\"><img title=\"Anrufen: +49 531 295-3060\" src=\"data:image\/png;base64,iVBORw0KGgoAAAANSUhEUgAAABAAAAAQCAYAAAAf8\/9hAAAACXBIWXMAAA7EAAAOxAGVKw4bAAAAIGNIUk0AAHolAACAgwAA+f8AAIDpAAB1MAAA6mAAADqYAAAXb5JfxUYAAAKLSURBVHjadJPfS5NhFMe\/21xvuhXRyJAZroiSrJnbRdT7vrAf5HBaK5RABmEEwQIvkpZ\/QRcWXdSFw5soKaF0F7qZeLO13mGBDpQsf5CoxVKHOt0Pctp2uvEdrzG\/V+c553w\/54HnPDIiQiGpPMETABoB2AAYd9MRAMMAvGmX+RcAyAoBVJ7gZQDtABworH4AHWmX+bOMZdkjCoXiUzabvcAwzPSsob5p\/VTNY9GcdpnxdmYZ9wJThSCtCr1e\/4XjuNPd3d1KjUZzaGbI27ysqzGQoggAsLa1A7ehArrDxfDNr0oBlQB+wmKxbJFEL968SxoamsjkHaPU9l9piUo6A0RE1DG2QCWdASrpDAzJM5kMI8XecdjVxfEl+K9dxFgsgUvvR6HyBKHyBAEATyKLeGSsENuNcqk5kUjEGm7fzcYqr0ClVODl99+YXEvl6+c1amjVe+ahiGGYaUEQKnmeh91uL43rqheixjpdmzCL11er0PcjhrTLvMfUJsyKYUSeyWQ6enp6tgCgrKxsfbP8bB8AdE1G89cOReMAgOv+Cag8QXRNRkXAsDwcDr+am5tLCYKA3t7eo2dG+1vVK\/MfpRPtA+MIReMYaKj+\/xm9MiICx3EmpVL5wefzFavValis1u1vvHMkdfykCQC0kSGUTo+Ajmnx1dSC7IGD+UUCEYGIwLKsyWazrSeTSSIiMpnNf7Ttz5+ec96fr7\/VnE0mk+QfHMzV3WjcKH\/4rEr05QGFIA6HY4llWRLPRER+v3\/HYrFMFQSIkNra2tVQKJSlfcSyLO0LECFWq3XF6XRGA4HAptTsdrsXeZ6fEHtl+31nAOA4rkUulz\/I5XL63dQGgHEAN8Ph8AYA\/BsAt4ube4GblQIAAAAASUVORK5CYII=\" \/><\/a><\/span><\/p>\n","protected":false},"excerpt":{"rendered":"<p>Steffen Loth Deutsches Zentrum f\u00fcr Luft- und Raumfahrt e.V. (DLR) Institut f\u00fcr Flugf\u00fchrung | Luftverkehrssysteme Lilienthalplatz 7 38108 Braunschweig steffen.loth [at] dlr.de Phone: +49 531 295-2811<\/p>\n","protected":false},"author":1,"featured_media":0,"parent":0,"menu_order":0,"comment_status":"closed","ping_status":"closed","template":"page-fullwidth.php","meta":[],"_links":{"self":[{"href":"https:\/\/www.arif-hamburg.net\/index.php?rest_route=\/wp\/v2\/pages\/437"}],"collection":[{"href":"https:\/\/www.arif-hamburg.net\/index.php?rest_route=\/wp\/v2\/pages"}],"about":[{"href":"https:\/\/www.arif-hamburg.net\/index.php?rest_route=\/wp\/v2\/types\/page"}],"author":[{"embeddable":true,"href":"https:\/\/www.arif-hamburg.net\/index.php?rest_route=\/wp\/v2\/users\/1"}],"replies":[{"embeddable":true,"href":"https:\/\/www.arif-hamburg.net\/index.php?rest_route=%2Fwp%2Fv2%2Fcomments&post=437"}],"version-history":[{"count":3,"href":"https:\/\/www.arif-hamburg.net\/index.php?rest_route=\/wp\/v2\/pages\/437\/revisions"}],"predecessor-version":[{"id":608,"href":"https:\/\/www.arif-hamburg.net\/index.php?rest_route=\/wp\/v2\/pages\/437\/revisions\/608"}],"wp:attachment":[{"href":"https:\/\/www.arif-hamburg.net\/index.php?rest_route=%2Fwp%2Fv2%2Fmedia&parent=437"}],"curies":[{"name":"wp","href":"https:\/\/api.w.org\/{rel}","templated":true}]}}