{"id":21,"date":"2015-01-19T12:50:54","date_gmt":"2015-01-19T11:50:54","guid":{"rendered":"http:\/\/www.arif-hamburg.net\/?page_id=21"},"modified":"2026-04-14T10:32:13","modified_gmt":"2026-04-14T08:32:13","slug":"impressum","status":"publish","type":"page","link":"https:\/\/www.arif-hamburg.net\/?page_id=21","title":{"rendered":"Impressum"},"content":{"rendered":"<p><strong>Impressum gem. \u00a7 5 Digitale-Dienste-Gesetz und \u00a7 18 Abs. 2 Medienstaatsvertrag<\/strong><\/p>\n<p>Deutsches Zentrum f\u00fcr Luft- und Raumfahrt e. V. (DLR)<br \/>\nLinder H\u00f6he<br \/>\n51147 K\u00f6ln<\/p>\n<p>Telefon: +49 2203 601-0<br \/>\nTelefax: +49 2203 67310<br \/>\nE-Mail: contact-dlr [at] dlr.de<br \/>\nWebsite:\u00a0<a href=\"https:\/\/www.dlr.de\/\">https:\/\/www.dlr.de\/<\/a><\/p>\n<p>Gesetzlicher Vertreter des DLR ist der Vorstand, bestehend aus Prof. Dr.-Ing. Anke Kaysser-Pyzalla (Vorsitzende des Vorstands), St\u00e9phane Beemelmans (Stellvertretender Vorsitzender des Vorstands), Prof. Dr.-Ing. Karsten Lemmer und Dr.-Ing. Walther Pelzer.<\/p>\n<p><strong>Sitz des Vorstands<\/strong><br \/>\nDeutsches Zentrum f\u00fcr Luft- und Raumfahrt (DLR), Linder H\u00f6he, 51147 K\u00f6ln.<\/p>\n<p>Der Vorstand kann auch durch von ihm erm\u00e4chtigte Personen vertreten werden. Ausk\u00fcnfte \u00fcber den Umfang der Erm\u00e4chtigung erteilt die Leitung der Abteilung Allgemeine Rechtsangelegenheiten des DLR, Linder H\u00f6he, 51147 K\u00f6ln.<\/p>\n<p><strong>Registergericht \/ Registernummer<\/strong><br \/>\nAmtsgericht Bonn, VR 2780<\/p>\n<p><strong>Umsatzsteuer-Identifikationsnummer<\/strong><br \/>\nDE 121965658<\/p>\n<p><strong>Verantwortliche\/r nach \u00a7 18 Abs. 2 Medienstaatsvertrag<\/strong><br \/>\nSteffen Loth, Lilienthalplatz 7, 38108 Braunschweig<\/p>\n<p><strong>Das Portal wird betreut durch<\/strong><\/p>\n<p>Steffen Loth<\/p>\n<p>Deutsches Zentrum f\u00fcr Luft- und Raumfahrt e.V. (DLR)<\/p>\n<p>Institut f\u00fcr Flugf\u00fchrung (FL)<\/p>\n<p>Lilienthalplatz 7, D-38108 Braunschweig<\/p>\n<p><strong>Haftung des DLR f\u00fcr die eigenen Inhalte<\/strong><\/p>\n<p>Sofern das DLR \u201eeigene Inhalte\u201c (Informationen, Software oder Dokumentation) im vorliegenden Internetangebot auf https:\/\/www.arif-hamburg.net\/ kostenlos zur Nutzung bereit stellt, ist die Haftung f\u00fcr Sach- und Rechtsm\u00e4ngel der DLR eigenen Inhalte, insbesondere f\u00fcr deren Richtigkeit, Fehlerfreiheit, Freiheit von Schutz- und Urheberrechten Dritter, Vollst\u00e4ndigkeit und\/oder Verwendbarkeit \u2013 au\u00dfer bei Vorsatz und grober Fahrl\u00e4ssigkeit \u2013 ausgeschlossen.<\/p>\n<p><strong>Haftung f\u00fcr fremde verlinkte Inhalte <\/strong><\/p>\n<p>Von diesen eigenen Inhalten sind Querverweise bzw. Hyperlinks (\u201eLinks\u201c) auf die von anderen Anbietern bereitgehaltenen Inhalte zu unterscheiden. Durch den Hyperlink h\u00e4lt das DLR insofern \u201efremde Inhalte\u201c zur Nutzung bereit, die durch den Hinweis \u201e[extern]\u201coder den Link entsprechend gekennzeichnet sind. Diese fremden Inhalte wurden bei der erstmaligen Link-Setzung daraufhin \u00fcberpr\u00fcft, ob durch sie eine m\u00f6gliche zivilrechtliche oder strafrechtliche Verantwortlichkeit ausgel\u00f6st wird. Es ist jedoch nicht auszuschlie\u00dfen, dass die Inhalte im Nachhinein von den jeweiligen Anbietern ver\u00e4ndert werden. Das DLR \u00fcberpr\u00fcft die Inhalte, auf die es in seinem Angebot verweist, nicht st\u00e4ndig auf Ver\u00e4nderungen, die eine Verantwortlichkeit neu begr\u00fcnden k\u00f6nnten. Sollten Sie der Ansicht sein, dass die verlinkten externen Seiten gegen geltendes Recht versto\u00dfen oder sonst unangemessene Inhalte haben, so teilen Sie uns dies bitte mit.<\/p>\n","protected":false},"excerpt":{"rendered":"<p>Impressum gem. \u00a7 5 Digitale-Dienste-Gesetz und \u00a7 18 Abs. 2 Medienstaatsvertrag Deutsches Zentrum f\u00fcr Luft- und Raumfahrt e. V. (DLR) Linder H\u00f6he 51147 K\u00f6ln Telefon: +49 2203 601-0 Telefax: +49 2203 67310 E-Mail: contact-dlr [at] dlr.de Website:\u00a0https:\/\/www.dlr.de\/ Gesetzlicher Vertreter des &hellip; <a href=\"https:\/\/www.arif-hamburg.net\/?page_id=21\">Weiter<\/a><\/p>\n","protected":false},"author":1,"featured_media":0,"parent":0,"menu_order":0,"comment_status":"closed","ping_status":"closed","template":"page-fullwidth.php","meta":[],"_links":{"self":[{"href":"https:\/\/www.arif-hamburg.net\/index.php?rest_route=\/wp\/v2\/pages\/21"}],"collection":[{"href":"https:\/\/www.arif-hamburg.net\/index.php?rest_route=\/wp\/v2\/pages"}],"about":[{"href":"https:\/\/www.arif-hamburg.net\/index.php?rest_route=\/wp\/v2\/types\/page"}],"author":[{"embeddable":true,"href":"https:\/\/www.arif-hamburg.net\/index.php?rest_route=\/wp\/v2\/users\/1"}],"replies":[{"embeddable":true,"href":"https:\/\/www.arif-hamburg.net\/index.php?rest_route=%2Fwp%2Fv2%2Fcomments&post=21"}],"version-history":[{"count":22,"href":"https:\/\/www.arif-hamburg.net\/index.php?rest_route=\/wp\/v2\/pages\/21\/revisions"}],"predecessor-version":[{"id":656,"href":"https:\/\/www.arif-hamburg.net\/index.php?rest_route=\/wp\/v2\/pages\/21\/revisions\/656"}],"wp:attachment":[{"href":"https:\/\/www.arif-hamburg.net\/index.php?rest_route=%2Fwp%2Fv2%2Fmedia&parent=21"}],"curies":[{"name":"wp","href":"https:\/\/api.w.org\/{rel}","templated":true}]}}